{"id":25180,"date":"2026-01-20T07:11:02","date_gmt":"2026-01-20T07:11:02","guid":{"rendered":"https:\/\/www.liftmer.com\/?page_id=25180"},"modified":"2026-01-20T10:07:02","modified_gmt":"2026-01-20T10:07:02","slug":"linde","status":"publish","type":"page","link":"https:\/\/www.liftmer.com\/en\/linde\/","title":{"rendered":"L\u0130NDE"},"content":{"rendered":"<div data-elementor-type=\"wp-page\" data-elementor-id=\"25180\" class=\"elementor elementor-25180\">\n\t\t\t\t<div class=\"elementor-element elementor-element-4b2829e e-grid e-con-boxed e-con e-parent\" data-id=\"4b2829e\" data-element_type=\"container\" data-e-type=\"container\">\n\t\t\t\t\t<div class=\"e-con-inner\">\n\t\t\t\t<div class=\"elementor-element elementor-element-940c567 elementor-widget elementor-widget-image\" data-id=\"940c567\" data-element_type=\"widget\" data-e-type=\"widget\" data-widget_type=\"image.default\">\n\t\t\t\t<div class=\"elementor-widget-container\">\n\t\t\t\t\t\t\t\t\t\t\t\t<figure class=\"wp-caption\">\n\t\t\t\t\t\t\t\t\t\t<img fetchpriority=\"high\" decoding=\"async\" width=\"1024\" height=\"1024\" src=\"https:\/\/www.liftmer.com\/wp-content\/uploads\/2026\/01\/LINDE1.png\" class=\"attachment-large size-large wp-image-25260\" alt=\"\" srcset=\"https:\/\/www.liftmer.com\/wp-content\/uploads\/2026\/01\/LINDE1.png 1024w, https:\/\/www.liftmer.com\/wp-content\/uploads\/2026\/01\/LINDE1-300x300.png 300w, https:\/\/www.liftmer.com\/wp-content\/uploads\/2026\/01\/LINDE1-150x150.png 150w, https:\/\/www.liftmer.com\/wp-content\/uploads\/2026\/01\/LINDE1-768x768.png 768w, https:\/\/www.liftmer.com\/wp-content\/uploads\/2026\/01\/LINDE1-340x340.png 340w, https:\/\/www.liftmer.com\/wp-content\/uploads\/2026\/01\/LINDE1-120x120.png 120w, https:\/\/www.liftmer.com\/wp-content\/uploads\/2026\/01\/LINDE1-12x12.png 12w, https:\/\/www.liftmer.com\/wp-content\/uploads\/2026\/01\/LINDE1-600x600.png 600w, https:\/\/www.liftmer.com\/wp-content\/uploads\/2026\/01\/LINDE1-1000x1000.png 1000w, https:\/\/www.liftmer.com\/wp-content\/uploads\/2026\/01\/LINDE1-100x100.png 100w, https:\/\/www.liftmer.com\/wp-content\/uploads\/2026\/01\/LINDE1-46x46.png 46w, https:\/\/www.liftmer.com\/wp-content\/uploads\/2026\/01\/LINDE1-700x700.png 700w\" sizes=\"(max-width: 1024px) 100vw, 1024px\" \/>\t\t\t\t\t\t\t\t\t\t\t<figcaption class=\"widget-image-caption wp-caption-text\">L\u0130NDE FORKL\u0130FT<\/figcaption>\n\t\t\t\t\t\t\t\t\t\t<\/figure>\n\t\t\t\t\t\t\t\t\t<\/div>\n\t\t\t\t<\/div>\n\t\t\t\t<div class=\"elementor-element elementor-element-23abfbb elementor-widget elementor-widget-image\" data-id=\"23abfbb\" data-element_type=\"widget\" data-e-type=\"widget\" data-widget_type=\"image.default\">\n\t\t\t\t<div class=\"elementor-widget-container\">\n\t\t\t\t\t\t\t\t\t\t\t\t<figure class=\"wp-caption\">\n\t\t\t\t\t\t\t\t\t\t<img decoding=\"async\" width=\"1024\" height=\"1024\" src=\"https:\/\/www.liftmer.com\/wp-content\/uploads\/2026\/01\/LINDE-2.png\" class=\"attachment-large size-large wp-image-25259\" alt=\"\" srcset=\"https:\/\/www.liftmer.com\/wp-content\/uploads\/2026\/01\/LINDE-2.png 1024w, https:\/\/www.liftmer.com\/wp-content\/uploads\/2026\/01\/LINDE-2-300x300.png 300w, https:\/\/www.liftmer.com\/wp-content\/uploads\/2026\/01\/LINDE-2-150x150.png 150w, https:\/\/www.liftmer.com\/wp-content\/uploads\/2026\/01\/LINDE-2-768x768.png 768w, https:\/\/www.liftmer.com\/wp-content\/uploads\/2026\/01\/LINDE-2-340x340.png 340w, https:\/\/www.liftmer.com\/wp-content\/uploads\/2026\/01\/LINDE-2-120x120.png 120w, https:\/\/www.liftmer.com\/wp-content\/uploads\/2026\/01\/LINDE-2-12x12.png 12w, https:\/\/www.liftmer.com\/wp-content\/uploads\/2026\/01\/LINDE-2-600x600.png 600w, https:\/\/www.liftmer.com\/wp-content\/uploads\/2026\/01\/LINDE-2-1000x1000.png 1000w, https:\/\/www.liftmer.com\/wp-content\/uploads\/2026\/01\/LINDE-2-100x100.png 100w, https:\/\/www.liftmer.com\/wp-content\/uploads\/2026\/01\/LINDE-2-46x46.png 46w, https:\/\/www.liftmer.com\/wp-content\/uploads\/2026\/01\/LINDE-2-700x700.png 700w\" sizes=\"(max-width: 1024px) 100vw, 1024px\" \/>\t\t\t\t\t\t\t\t\t\t\t<figcaption class=\"widget-image-caption wp-caption-text\">L\u0130NDE REACH TRUCK<\/figcaption>\n\t\t\t\t\t\t\t\t\t\t<\/figure>\n\t\t\t\t\t\t\t\t\t<\/div>\n\t\t\t\t<\/div>\n\t\t\t\t<div class=\"elementor-element elementor-element-e13bbc0 elementor-widget elementor-widget-image\" data-id=\"e13bbc0\" data-element_type=\"widget\" data-e-type=\"widget\" data-widget_type=\"image.default\">\n\t\t\t\t<div class=\"elementor-widget-container\">\n\t\t\t\t\t\t\t\t\t\t\t\t<figure class=\"wp-caption\">\n\t\t\t\t\t\t\t\t\t\t<img decoding=\"async\" width=\"1024\" height=\"1024\" src=\"https:\/\/www.liftmer.com\/wp-content\/uploads\/2026\/01\/LINDE3.png\" class=\"attachment-large size-large wp-image-25261\" alt=\"\" srcset=\"https:\/\/www.liftmer.com\/wp-content\/uploads\/2026\/01\/LINDE3.png 1024w, https:\/\/www.liftmer.com\/wp-content\/uploads\/2026\/01\/LINDE3-300x300.png 300w, https:\/\/www.liftmer.com\/wp-content\/uploads\/2026\/01\/LINDE3-150x150.png 150w, https:\/\/www.liftmer.com\/wp-content\/uploads\/2026\/01\/LINDE3-768x768.png 768w, https:\/\/www.liftmer.com\/wp-content\/uploads\/2026\/01\/LINDE3-340x340.png 340w, https:\/\/www.liftmer.com\/wp-content\/uploads\/2026\/01\/LINDE3-120x120.png 120w, https:\/\/www.liftmer.com\/wp-content\/uploads\/2026\/01\/LINDE3-12x12.png 12w, https:\/\/www.liftmer.com\/wp-content\/uploads\/2026\/01\/LINDE3-600x600.png 600w, https:\/\/www.liftmer.com\/wp-content\/uploads\/2026\/01\/LINDE3-1000x1000.png 1000w, https:\/\/www.liftmer.com\/wp-content\/uploads\/2026\/01\/LINDE3-100x100.png 100w, https:\/\/www.liftmer.com\/wp-content\/uploads\/2026\/01\/LINDE3-46x46.png 46w, https:\/\/www.liftmer.com\/wp-content\/uploads\/2026\/01\/LINDE3-700x700.png 700w\" sizes=\"(max-width: 1024px) 100vw, 1024px\" \/>\t\t\t\t\t\t\t\t\t\t\t<figcaption class=\"widget-image-caption wp-caption-text\">L\u0130NDE TRANSPALET<\/figcaption>\n\t\t\t\t\t\t\t\t\t\t<\/figure>\n\t\t\t\t\t\t\t\t\t<\/div>\n\t\t\t\t<\/div>\n\t\t\t\t\t<\/div>\n\t\t\t\t<\/div>\n\t\t\t\t<\/div>","protected":false},"excerpt":{"rendered":"<p>L\u0130NDE FORKL\u0130FT L\u0130NDE REACH TRUCK L\u0130NDE TRANSPALET<\/p>","protected":false},"author":2,"featured_media":0,"parent":0,"menu_order":0,"comment_status":"closed","ping_status":"closed","template":"","meta":{"footnotes":""},"class_list":["post-25180","page","type-page","status-publish","hentry"],"_links":{"self":[{"href":"https:\/\/www.liftmer.com\/en\/wp-json\/wp\/v2\/pages\/25180","targetHints":{"allow":["GET"]}}],"collection":[{"href":"https:\/\/www.liftmer.com\/en\/wp-json\/wp\/v2\/pages"}],"about":[{"href":"https:\/\/www.liftmer.com\/en\/wp-json\/wp\/v2\/types\/page"}],"author":[{"embeddable":true,"href":"https:\/\/www.liftmer.com\/en\/wp-json\/wp\/v2\/users\/2"}],"replies":[{"embeddable":true,"href":"https:\/\/www.liftmer.com\/en\/wp-json\/wp\/v2\/comments?post=25180"}],"version-history":[{"count":7,"href":"https:\/\/www.liftmer.com\/en\/wp-json\/wp\/v2\/pages\/25180\/revisions"}],"predecessor-version":[{"id":25264,"href":"https:\/\/www.liftmer.com\/en\/wp-json\/wp\/v2\/pages\/25180\/revisions\/25264"}],"wp:attachment":[{"href":"https:\/\/www.liftmer.com\/en\/wp-json\/wp\/v2\/media?parent=25180"}],"curies":[{"name":"wp","href":"https:\/\/api.w.org\/{rel}","templated":true}]}}