{"id":23220,"date":"2025-12-13T14:14:39","date_gmt":"2025-12-13T14:14:39","guid":{"rendered":"https:\/\/www.liftmer.com\/?page_id=23220"},"modified":"2026-01-16T18:33:15","modified_gmt":"2026-01-16T18:33:15","slug":"satis","status":"publish","type":"page","link":"https:\/\/www.liftmer.com\/en\/satis\/","title":{"rendered":"Sat\u0131\u015f"},"content":{"rendered":"<p><\/p>\n\n\n<div class=\"wp-block-image\">\n<figure class=\"alignright size-large\"><img fetchpriority=\"high\" decoding=\"async\" width=\"1024\" height=\"576\" src=\"https:\/\/www.liftmer.com\/wp-content\/uploads\/2025\/12\/liftmer-satis-1-1024x576.png\" alt=\"\" class=\"wp-image-23267\" srcset=\"https:\/\/www.liftmer.com\/wp-content\/uploads\/2025\/12\/liftmer-satis-1-1024x576.png 1024w, https:\/\/www.liftmer.com\/wp-content\/uploads\/2025\/12\/liftmer-satis-1-300x169.png 300w, https:\/\/www.liftmer.com\/wp-content\/uploads\/2025\/12\/liftmer-satis-1-768x432.png 768w, https:\/\/www.liftmer.com\/wp-content\/uploads\/2025\/12\/liftmer-satis-1-340x191.png 340w, https:\/\/www.liftmer.com\/wp-content\/uploads\/2025\/12\/liftmer-satis-1-1536x864.png 1536w, https:\/\/www.liftmer.com\/wp-content\/uploads\/2025\/12\/liftmer-satis-1-18x10.png 18w, https:\/\/www.liftmer.com\/wp-content\/uploads\/2025\/12\/liftmer-satis-1-1000x563.png 1000w, https:\/\/www.liftmer.com\/wp-content\/uploads\/2025\/12\/liftmer-satis-1-500x281.png 500w, https:\/\/www.liftmer.com\/wp-content\/uploads\/2025\/12\/liftmer-satis-1-1300x731.png 1300w, https:\/\/www.liftmer.com\/wp-content\/uploads\/2025\/12\/liftmer-satis-1.png 1920w\" sizes=\"(max-width: 1024px) 100vw, 1024px\" \/><\/figure>\n<\/div>\n\n\n<div class=\"wp-block-group is-nowrap is-layout-flex wp-container-core-group-is-layout-ad2f72ca wp-block-group-is-layout-flex\">\n<p>Forklift ve end\u00fcstriyel ekipman tedariki, yaln\u0131zca bir al\u0131m-sat\u0131m i\u015flemi de\u011fil, <strong>uzun vadeli operasyonel s\u00fcreklili\u011finizin anahtar\u0131d\u0131r.<\/strong> Liftmer olarak biz, sekt\u00f6rdeki derin tecr\u00fcbemiz ve kapsaml\u0131 \u00fcr\u00fcn portf\u00f6y\u00fcm\u00fczle, i\u015fletmenizin tam ihtiyac\u0131 olan do\u011fru kald\u0131rma \u00e7\u00f6z\u00fcm\u00fcn\u00fc sunuyoruz.<\/p>\n<\/div>\n\n\n\n<p><\/p>\n\n\n\n<h3 class=\"wp-block-heading has-text-align-left\">Neden Liftmer? <\/h3>\n\n\n\n<p>Liftmer&#8217;\u0131 tercih etti\u011finizde, sadece bir makine veya yedek par\u00e7a alm\u0131yor; <strong>kesintisiz, g\u00fcvenilir ve verimli bir operasyonel gelece\u011fe yat\u0131r\u0131m yap\u0131yorsunuz.<\/strong><\/p>\n\n\n\n<ul class=\"wp-block-list\">\n<li><strong>Do\u011fru Ekipman Se\u00e7imi:<\/strong> Uzmanlar\u0131m\u0131z, y\u00fckleme kapasiteniz, \u00e7al\u0131\u015fma ortam\u0131n\u0131z ve b\u00fct\u00e7eniz do\u011frultusunda, size en uygun yeni ve ikinci el forklift se\u00e7eneklerini sunar. Size en y\u00fcksek <em>verimlili\u011fi<\/em> ve en d\u00fc\u015f\u00fck <em>toplam sahip olma maliyetini<\/em> getirecek \u00e7\u00f6z\u00fcmlerle tan\u0131\u015f\u0131n.<\/li>\n\n\n\n<li><strong>Garantili Kalite:<\/strong> Sundu\u011fumuz her forklift ve yedek par\u00e7a, uluslararas\u0131 kalite standartlar\u0131na uygunluk ve performans garantisi ta\u015f\u0131r.<\/li>\n\n\n\n<li><strong>Sat\u0131\u015f Sonras\u0131 G\u00fc\u00e7l\u00fc Destek:<\/strong> Sat\u0131\u015f, Liftmer i\u00e7in ili\u015fkinin ba\u015flang\u0131c\u0131d\u0131r. Geni\u015f servis a\u011f\u0131m\u0131z ve orijinal par\u00e7a sto\u011fumuz ile ekipmanlar\u0131n\u0131z\u0131n \u00f6mr\u00fc boyunca en \u00fcst d\u00fczeyde \u00e7al\u0131\u015fmas\u0131n\u0131 taahh\u00fct ediyoruz. Arkan\u0131za yaslan\u0131n, operasyonunuzu biz g\u00fcvence alt\u0131na al\u0131yoruz.<\/li>\n<\/ul>\n\n\n\n<h3 class=\"wp-block-heading\">\ud83d\udcde Hemen Harekete Ge\u00e7in<\/h3>\n\n\n\n<p>Operasyonel ihtiya\u00e7lar\u0131n\u0131z\u0131 analiz etmek ve size \u00f6zel fiyat teklifimizi sunmak i\u00e7in uzman sat\u0131\u015f ekibimizle ileti\u015fime ge\u00e7in.<\/p>\n\n\n\n<p><strong>Liftmer ile i\u015f s\u00fcre\u00e7lerinizdeki verimlilik ve g\u00fcvenilirli\u011fi en \u00fcst seviyeye ta\u015f\u0131y\u0131n.<\/strong><\/p>","protected":false},"excerpt":{"rendered":"<p>Forklift ve end\u00fcstriyel ekipman tedariki, yaln\u0131zca bir al\u0131m-sat\u0131m i\u015flemi de\u011fil, uzun vadeli operasyonel s\u00fcreklili\u011finizin anahtar\u0131d\u0131r. Liftmer olarak biz, sekt\u00f6rdeki derin tecr\u00fcbemiz ve kapsaml\u0131 \u00fcr\u00fcn portf\u00f6y\u00fcm\u00fczle, i\u015fletmenizin tam ihtiyac\u0131 olan do\u011fru kald\u0131rma \u00e7\u00f6z\u00fcm\u00fcn\u00fc sunuyoruz. Neden Liftmer? Liftmer&#8217;\u0131 tercih etti\u011finizde, sadece bir makine veya yedek par\u00e7a alm\u0131yor; kesintisiz, g\u00fcvenilir ve verimli bir operasyonel gelece\u011fe yat\u0131r\u0131m yap\u0131yorsunuz. \ud83d\udcde [&hellip;]<\/p>\n","protected":false},"author":2,"featured_media":0,"parent":0,"menu_order":0,"comment_status":"closed","ping_status":"closed","template":"","meta":{"footnotes":""},"class_list":["post-23220","page","type-page","status-publish","hentry"],"_links":{"self":[{"href":"https:\/\/www.liftmer.com\/en\/wp-json\/wp\/v2\/pages\/23220","targetHints":{"allow":["GET"]}}],"collection":[{"href":"https:\/\/www.liftmer.com\/en\/wp-json\/wp\/v2\/pages"}],"about":[{"href":"https:\/\/www.liftmer.com\/en\/wp-json\/wp\/v2\/types\/page"}],"author":[{"embeddable":true,"href":"https:\/\/www.liftmer.com\/en\/wp-json\/wp\/v2\/users\/2"}],"replies":[{"embeddable":true,"href":"https:\/\/www.liftmer.com\/en\/wp-json\/wp\/v2\/comments?post=23220"}],"version-history":[{"count":4,"href":"https:\/\/www.liftmer.com\/en\/wp-json\/wp\/v2\/pages\/23220\/revisions"}],"predecessor-version":[{"id":23270,"href":"https:\/\/www.liftmer.com\/en\/wp-json\/wp\/v2\/pages\/23220\/revisions\/23270"}],"wp:attachment":[{"href":"https:\/\/www.liftmer.com\/en\/wp-json\/wp\/v2\/media?parent=23220"}],"curies":[{"name":"wp","href":"https:\/\/api.w.org\/{rel}","templated":true}]}}